{"id":11,"date":"2019-01-30T18:56:02","date_gmt":"2019-01-30T18:56:02","guid":{"rendered":"http:\/\/www.valonsaraste.fi\/?page_id=11"},"modified":"2024-10-09T10:09:59","modified_gmt":"2024-10-09T10:09:59","slug":"asiakaspalaute","status":"publish","type":"page","link":"https:\/\/www.valonsaraste.fi\/?page_id=11","title":{"rendered":"Asiakaspalaute"},"content":{"rendered":"\n<p>Olet l\u00e4mmin ja rohkaiseva terapeutti. Kanssasi on turvallista tutustua itseens\u00e4 ja haaveilla tulevasta.<br><em>Nainen 50v<\/em><\/p>\n\n\n\n<p>Iso kiitos Fanny. Olemme opetelleet puhumaan luonasi ja ennen kaikkea kuuntelemaan toisiamme. Vaikuttavampia ovat olleet keholliset harjoitukset, jotka ovat nostaneet n\u00e4kyv\u00e4ksi aina jotain t\u00e4rke\u00e4\u00e4. Suosikkeja on ne joissa on l\u00e4heisyytt\u00e4 ja harjoitellaan yhteyden luomista, niiss\u00e4 muistan aina miksi olemme edelleen yhdess\u00e4. <br><em>M&amp;S<\/em><\/p>\n\n\n\n<p>Fannyn hoidot pelasti raskaan vuoteni. H\u00e4n vaihteli tarpeen mukaan hoitoja. Mielett\u00f6m\u00e4n rentouttavaa, hoitavaa, energisoivaa jne. Kiitos Fanny<br><em>Hilkka<\/em><br><br>Fanny on l\u00e4sn\u00e4oleva, herkk\u00e4vaistoinen ja vahvasieluinen hieroja. H\u00e4n osaa kuunnella kehoni tarpeita ja taidolla hoitaa kireyksi\u00e4 lihaksissa ja mieless\u00e4. Kiitos Fanny!<br><em>Heidi<\/em><\/p>\n\n\n\n<p>Pitk\u00e4 ja kipe\u00e4 eroprosessi kahlattu l\u00e4pi. Kiitos tuesta, viisaista sanoista ja parantavasta kosketuksesta. En olisi ikin\u00e4 uskonut, mink\u00e4lainen nainen sis\u00e4ll\u00e4ni asuu. Ja kuinka paljon uskallan nauttia el\u00e4m\u00e4st\u00e4 ja omasta kehostani.<br>-Ruusunen <\/p>\n\n\n\n<p>Kiitos! Nukun y\u00f6t l\u00e4pi ilman vessassa k\u00e4ynti\u00e4, eik\u00e4 juoksulenkill\u00e4k\u00e4\u00e4n tarvitse en\u00e4\u00e4 k\u00e4yd\u00e4 puskapissalla.\u00a0<br>-MH<\/p>\n\n\n\n<p>P\u00e4\u00e4dyin Fannyn nettisivuille sattumalta. Yll\u00e4tys oli, ett\u00e4 alitajuisesti\u00a0tiesin heti varaavani ajan, vaikka tietoinen min\u00e4ni hangoitteli vastaan.\u00a0Mit\u00e4 ihmett\u00e4 raavas karju tuollaisella hoidolla tekisi? Pieni\u00e4 ihmeit\u00e4\u00a0ja suuria tunteita, voin j\u00e4lkik\u00e4teen sanoa. Fannyn rauhoittavissa k\u00e4siss\u00e4 voit turvallisesti tutustua itseesi ja\u00a0my\u00f6s el\u00e4m\u00e4si kipupisteisiin. Hoidossa avaat oven paranemiselle ja mielen\u00a0rauhoittumiselle \u2013 hyv\u00e4lle ololle. Herkkyys ja pehmeys ovat ehdottomasti\u00a0sallittuja. <br>-Pekka<\/p>\n\n\n\n<p>Fannylla on syv\u00e4llist\u00e4 kokemusta ihmisyydest\u00e4, jonka ansiosta h\u00e4n pystyy l\u00f6yt\u00e4m\u00e4\u00e4n syvi\u00e4 haavoja ja auttaa eheytt\u00e4m\u00e4\u00e4n niit\u00e4. Kehon vapautumisen my\u00f6t\u00e4 el\u00e4m\u00e4nlaatu paranee. Hoidon aikana on luottamuksellinen ilmapiiri joka helpottaa omien kipeiden muistojen kohtaamisessa. Taas hoidon j\u00e4lkeen muistin, kuinka itsens\u00e4 kanssa tehty ty\u00f6 on palkitsevaa.<br>-Kohti aidompaa el\u00e4m\u00e4\u00e4<\/p>\n\n\n\n<p><br>Olen vuosien varrella kokeillut monia erilaisia hoitoja lapsuuden ajan hyv\u00e4ksik\u00e4ytt\u00f6 traumaan ja saanutkin joistain apua. Onneksi lopulta l\u00f6ysin sinut, kehohoidoistasi on ollut suuri apu, tukenut hyvin terapiaprosessia. Pystyt luomaan turvallisen tilan, jossa p\u00e4\u00e4st\u00e4\u00e4 irti menneest\u00e4 ja opetella kosketuksen vastaanottamista ja uusia turvallisia rajoja.<br>-H60<\/p>\n\n\n\n<p>Kiitos Fanny, lempe\u00e4st\u00e4 kosketuksesta. Tuntuu ett\u00e4 k\u00e4sist\u00e4si virtaa l\u00e4mp\u00f6\u00e4, hellyytt\u00e4 ja puhdasta rakkautta. Hoidoillasi on ollut suuri vaikutus el\u00e4m\u00e4\u00e4ni.<br>-Tom<\/p>\n\n\n\n<p>Hei Fanny. Lapsuudessa koetut v\u00e4\u00e4ryydet j\u00e4ttiv\u00e4t kosketuksen pelon ja omaan kehoon ja miehisyyteen suhtautuminen on ollut vaikeaa. Kiitos kun olet auttanut minua, hoidoissasi on ollut aina hyv\u00e4 olla ja olen uskaltanut rentoutua.<br>-\u00e4ss\u00e4<\/p>\n","protected":false},"excerpt":{"rendered":"<p>Olet l\u00e4mmin ja rohkaiseva terapeutti. Kanssasi on turvallista tutustua itseens\u00e4 ja haaveilla tulevasta.Nainen 50v Iso kiitos Fanny. Olemme opetelleet puhumaan luonasi ja ennen kaikkea kuuntelemaan toisiamme. Vaikuttavampia ovat olleet keholliset harjoitukset, jotka ovat nostaneet n\u00e4kyv\u00e4ksi aina jotain t\u00e4rke\u00e4\u00e4. Suosikkeja on ne joissa on l\u00e4heisyytt\u00e4 ja harjoitellaan yhteyden luomista, niiss\u00e4 muistan aina miksi olemme edelleen yhdess\u00e4.&hellip; <a href=\"https:\/\/www.valonsaraste.fi\/?page_id=11\" class=\"more-link\">Jatka lukemista <span class=\"screen-reader-text\">Asiakaspalaute<\/span><\/a><\/p>\n","protected":false},"author":1,"featured_media":0,"parent":0,"menu_order":0,"comment_status":"closed","ping_status":"closed","template":"","meta":{"footnotes":""},"tags":[],"class_list":["post-11","page","type-page","status-publish","hentry","without-featured-image"],"jetpack_sharing_enabled":true,"_links":{"self":[{"href":"https:\/\/www.valonsaraste.fi\/index.php?rest_route=\/wp\/v2\/pages\/11","targetHints":{"allow":["GET"]}}],"collection":[{"href":"https:\/\/www.valonsaraste.fi\/index.php?rest_route=\/wp\/v2\/pages"}],"about":[{"href":"https:\/\/www.valonsaraste.fi\/index.php?rest_route=\/wp\/v2\/types\/page"}],"author":[{"embeddable":true,"href":"https:\/\/www.valonsaraste.fi\/index.php?rest_route=\/wp\/v2\/users\/1"}],"replies":[{"embeddable":true,"href":"https:\/\/www.valonsaraste.fi\/index.php?rest_route=%2Fwp%2Fv2%2Fcomments&post=11"}],"version-history":[{"count":8,"href":"https:\/\/www.valonsaraste.fi\/index.php?rest_route=\/wp\/v2\/pages\/11\/revisions"}],"predecessor-version":[{"id":174,"href":"https:\/\/www.valonsaraste.fi\/index.php?rest_route=\/wp\/v2\/pages\/11\/revisions\/174"}],"wp:attachment":[{"href":"https:\/\/www.valonsaraste.fi\/index.php?rest_route=%2Fwp%2Fv2%2Fmedia&parent=11"}],"wp:term":[{"taxonomy":"post_tag","embeddable":true,"href":"https:\/\/www.valonsaraste.fi\/index.php?rest_route=%2Fwp%2Fv2%2Ftags&post=11"}],"curies":[{"name":"wp","href":"https:\/\/api.w.org\/{rel}","templated":true}]}}